
{"id":2284,"date":"2019-09-26T07:06:06","date_gmt":"2019-09-26T07:06:06","guid":{"rendered":"https:\/\/veeco.it\/?page_id=2284"},"modified":"2020-05-20T16:16:22","modified_gmt":"2020-05-20T16:16:22","slug":"area-riservata","status":"publish","type":"page","link":"https:\/\/veeco.it\/en\/area-riservata\/","title":{"rendered":"Area riservata"},"content":{"rendered":"[vc_row][vc_column][vc_column_text]\r\n<div class=\"quote\">\r\n\r\nVeeco nasce da qui: crediamo che valori di impresa, sostenibilit\u00e0 e performance possano e debbano stare nello stesso contesto dell\u2019agire di una impresa. Questo \u00e8 il percorso che abbiamo intrapreso.\r\n\r\n<\/div>\r\nAbbiamo coinvolto docenti di filosofia di alcune prestigiose universit\u00e0 italiane con l\u2019obiettivo di selezionare un insieme di valori rappresentativo del pensiero occidentale ed in grado di coniugare le aree del fare impresa: etica \u2013 produttiva \u2013 economica. E\u2019 nata la Mappa dei Valori, uno strumento di diagnosi del sistema dei valori di una impresa, peraltro coerente con il recente Business Roundtable Statement pubblicato lo scorso agosto.\r\n<div class=\"filetto\"><\/div>\r\nPerch\u00e9 valori, sostenibilit\u00e0 e performance sono oggi pi\u00f9 che mai nell\u2019interesse delle imprese:\r\n<ul class=\"elenco-linea blu\">\r\n \t<li>il target dei consumatori \u00e8 sempre pi\u00f9 sensibile, lo sono testimoni i millennials e la generazione Z<\/li>\r\n \t<li>i talenti scelgono le imprese anche in base ai valori che sono percepiti<\/li>\r\n \t<li>la finanza sempre di pi\u00f9 investe in obiettivi di sostenibilit\u00e0, con bond sofisticati nel definire gli impegni di sostenibilit\u00e0.<\/li>\r\n \t<li>il sentimento comune si sta orientando verso questi temi.<\/li>\r\n<\/ul>\r\n<div class=\"filetto\"><\/div>\r\nNel sostenere questo flusso, veeco ritiene che i valori migliorino le performance generali dell\u2019impresa se vengono conosciuti. Siamo consapevoli che questi temi non sono nuovi e sappiamo quali siano state le testimonianze imprenditoriali che nel nostro paese si sono mosse decine di anni fa (Olivetti, ma non solo). E che la CSV di Porter\/Kramer ha fornito una strada, noi seguiamo questo destino.\r\n\r\nIn Italia siamo gi\u00e0 pronti a rispondere alla sfida USA del Business Roundtable, consapevoli che gli americani per loro natura non si fermano agli statement ma ne danno un contenuto quanto meno procedurale. In Italia possiamo anticipare le mosse.\r\n<div class=\"filetto\"><\/div>\r\nCosa produce la Mappa dei Valori, un nuovo strumento di governance dell\u2019impresa, la Value Intelligence (VI), intesa come quel sistema di informazioni puntuali che chiamiamo value indicators. Questi indicatori affiancano i tradizionali KPI che gli strumenti di Business Intelligence (BI) rilevano, la visione di veeco \u00e8 proprio questa: affiancare una visione economica (BI) a una visione valoriale (VI), sistematicamente.\r\n\r\nInfine, le imprese sono sempre di pi\u00f9 soggette a regolamentazioni, la compliance pervade molte attivit\u00e0, inclusa la costruzione di prodotti e servizi, perdendo il focus sui comportamenti.\r\n\r\nQuanto \u00e8 distante l\u2019azione degli stakeholder rispetto agli obiettivi dell\u2019impresa? i valori dichiarati in che misura sono anche percepiti e agiti? Ed ancora, sono coerenti con gli obiettivi Unsgds? I value indicators esprimono proprio queste differenze, i gap valoriali che la Value Intelligence intercetta e restituisce in forma intellegibile (attraverso infografiche).\r\n\r\nQuali strumenti supportano la rilevazione dei value indicators:\r\n<ul class=\"elenco-linea blu\">\r\n \t<li><span class=\"scritta-blu\"><em>Surveys<\/em><\/span> \u2013 gi\u00e0 in corso di erogazione online a un numero interessante di imprese italiane &#8211; sono state validate in contesti scientifici, quanto a contenuti con una ricerca condotta con la <em>Scuola Superiore Sant\u2019Anna di Pisa<\/em> che ha sviluppato in particolare la coerenza tra Mappa e UN SGDs.\r\nPer la rappresentazione dei risultati delle surveys, con un sistema sviluppato con l\u2019<em>Universit\u00e0 Ca\u2019 Foscari di Venezia<\/em><\/li>\r\n \t<li><span class=\"scritta-blu\"><em>KPI<\/em>: <\/span>con Strategy Innovation &#8211; spin off dell\u2019Universit\u00e0 Ca\u2019 Foscari di Venezia abbiamo realizzato l\u2019analisi di correlazione tra valori e una selezione scientifica di KPI di impresa (le principali macrocategorie: people management, customer centricity, financial, sustainability, legal), con l\u2019obiettivo di fornire alle imprese una struttura di governo basata su valori, performance e loro correlazioni<\/li>\r\n \t<li><span class=\"scritta-blu\"><em>Artificial intelligence<\/em>:<\/span> sono in corso di sviluppo con una societ\u00e0 collegata al Dipartimento di informatica dell\u2019Universit\u00e0 La Sapienza di Roma, strumenti per ottenere i value indicators da analisi di contesto (ontologie informatiche), espressa nella documentazione aziendale (bilanci aziendali, NFD, sostenibilit\u00e0, contratti, comunicazioni interne e campagne promozionali e istituzionali, mail,\u2026) e nei prodotti e servizi con un livello di scalabilit\u00e0 del modello potenzialmente molto elevato<\/li>\r\n \t<li><span class=\"scritta-blu\"><em>Analisi linguistiche<\/em><\/span> dei documenti aziendali per rilevare dai testi i value indicators.<\/li>\r\n<\/ul>\r\n[\/vc_column_text][\/vc_column][\/vc_row]","protected":false},"excerpt":{"rendered":"[vc_row][vc_column][vc_column_text] Veeco nasce da qui: crediamo che valori di impresa, sostenibilit\u00e0 e performance possano e debbano stare nello stesso contesto dell\u2019agire di una impresa. Questo \u00e8 il percorso che abbiamo intrapreso. Abbiamo coinvolto docenti di filosofia di alcune prestigiose universit\u00e0 italiane con l\u2019obiettivo di selezionare un insieme di valori rappresentativo del pensiero occidentale ed in &hellip; <p class=\"link-more\"><a href=\"https:\/\/veeco.it\/en\/area-riservata\/\" class=\"more-link\">Continue reading<span class=\"screen-reader-text\"> &#8220;Area riservata&#8221;<\/span><\/a><\/p>","protected":false},"author":2,"featured_media":0,"parent":0,"menu_order":0,"comment_status":"closed","ping_status":"closed","template":"Templates\/areariservata.php","meta":{"_monsterinsights_skip_tracking":false,"_monsterinsights_sitenote_active":false,"_monsterinsights_sitenote_note":"","_monsterinsights_sitenote_category":0,"footnotes":""},"yoast_head":"<!-- This site is optimized with the Yoast SEO plugin v22.5 - https:\/\/yoast.com\/wordpress\/plugins\/seo\/ -->\n<title>Area riservata | Veeco S.r.l.<\/title>\n<meta name=\"robots\" content=\"noindex, nofollow\" \/>\n<meta property=\"og:locale\" content=\"it_IT\" \/>\n<meta property=\"og:type\" content=\"article\" \/>\n<meta property=\"og:title\" content=\"Area riservata | Veeco S.r.l.\" \/>\n<meta property=\"og:description\" content=\"[vc_row][vc_column][vc_column_text] Veeco nasce da qui: crediamo che valori di impresa, sostenibilit\u00e0 e performance possano e debbano stare nello stesso contesto dell\u2019agire di una impresa. Questo \u00e8 il percorso che abbiamo intrapreso. Abbiamo coinvolto docenti di filosofia di alcune prestigiose universit\u00e0 italiane con l\u2019obiettivo di selezionare un insieme di valori rappresentativo del pensiero occidentale ed in &hellip; Continue reading &quot;Area riservata&quot;\" \/>\n<meta property=\"og:url\" content=\"https:\/\/veeco.it\/en\/area-riservata\/\" \/>\n<meta property=\"og:site_name\" content=\"Veeco S.r.l.\" \/>\n<meta property=\"article:modified_time\" content=\"2020-05-20T16:16:22+00:00\" \/>\n<meta name=\"twitter:card\" content=\"summary_large_image\" \/>\n<meta name=\"twitter:label1\" content=\"Tempo di lettura stimato\" \/>\n\t<meta name=\"twitter:data1\" content=\"3 minuti\" \/>\n<script type=\"application\/ld+json\" class=\"yoast-schema-graph\">{\"@context\":\"https:\/\/schema.org\",\"@graph\":[{\"@type\":\"WebPage\",\"@id\":\"https:\/\/veeco.it\/en\/area-riservata\/\",\"url\":\"https:\/\/veeco.it\/en\/area-riservata\/\",\"name\":\"Area riservata | Veeco S.r.l.\",\"isPartOf\":{\"@id\":\"https:\/\/veeco.it\/#website\"},\"datePublished\":\"2019-09-26T07:06:06+00:00\",\"dateModified\":\"2020-05-20T16:16:22+00:00\",\"breadcrumb\":{\"@id\":\"https:\/\/veeco.it\/en\/area-riservata\/#breadcrumb\"},\"inLanguage\":\"it-IT\",\"potentialAction\":[{\"@type\":\"ReadAction\",\"target\":[\"https:\/\/veeco.it\/en\/area-riservata\/\"]}]},{\"@type\":\"BreadcrumbList\",\"@id\":\"https:\/\/veeco.it\/en\/area-riservata\/#breadcrumb\",\"itemListElement\":[{\"@type\":\"ListItem\",\"position\":1,\"name\":\"Home\",\"item\":\"https:\/\/veeco.it\/\"},{\"@type\":\"ListItem\",\"position\":2,\"name\":\"Area riservata\"}]},{\"@type\":\"WebSite\",\"@id\":\"https:\/\/veeco.it\/#website\",\"url\":\"https:\/\/veeco.it\/\",\"name\":\"Veeco S.r.l.\",\"description\":\"A phil-tech company\",\"publisher\":{\"@id\":\"https:\/\/veeco.it\/#organization\"},\"potentialAction\":[{\"@type\":\"SearchAction\",\"target\":{\"@type\":\"EntryPoint\",\"urlTemplate\":\"https:\/\/veeco.it\/?s={search_term_string}\"},\"query-input\":\"required name=search_term_string\"}],\"inLanguage\":\"it-IT\"},{\"@type\":\"Organization\",\"@id\":\"https:\/\/veeco.it\/#organization\",\"name\":\"Veeco S.r.l.\",\"url\":\"https:\/\/veeco.it\/\",\"logo\":{\"@type\":\"ImageObject\",\"inLanguage\":\"it-IT\",\"@id\":\"https:\/\/veeco.it\/#\/schema\/logo\/image\/\",\"url\":\"https:\/\/veeco.it\/wp-content\/uploads\/2020\/11\/logofinal.png\",\"contentUrl\":\"https:\/\/veeco.it\/wp-content\/uploads\/2020\/11\/logofinal.png\",\"width\":932,\"height\":430,\"caption\":\"Veeco S.r.l.\"},\"image\":{\"@id\":\"https:\/\/veeco.it\/#\/schema\/logo\/image\/\"},\"sameAs\":[\"https:\/\/www.linkedin.com\/company\/veeco\",\"https:\/\/www.youtube.com\/channel\/UCSSe5IRxT0Sz2hmhafkdqaQ\/featured\"]}]}<\/script>\n<!-- \/ Yoast SEO plugin. -->","yoast_head_json":{"title":"Area riservata | Veeco S.r.l.","robots":{"index":"noindex","follow":"nofollow"},"og_locale":"it_IT","og_type":"article","og_title":"Area riservata | Veeco S.r.l.","og_description":"[vc_row][vc_column][vc_column_text] Veeco nasce da qui: crediamo che valori di impresa, sostenibilit\u00e0 e performance possano e debbano stare nello stesso contesto dell\u2019agire di una impresa. Questo \u00e8 il percorso che abbiamo intrapreso. Abbiamo coinvolto docenti di filosofia di alcune prestigiose universit\u00e0 italiane con l\u2019obiettivo di selezionare un insieme di valori rappresentativo del pensiero occidentale ed in &hellip; Continue reading \"Area riservata\"","og_url":"https:\/\/veeco.it\/en\/area-riservata\/","og_site_name":"Veeco S.r.l.","article_modified_time":"2020-05-20T16:16:22+00:00","twitter_card":"summary_large_image","twitter_misc":{"Tempo di lettura stimato":"3 minuti"},"schema":{"@context":"https:\/\/schema.org","@graph":[{"@type":"WebPage","@id":"https:\/\/veeco.it\/en\/area-riservata\/","url":"https:\/\/veeco.it\/en\/area-riservata\/","name":"Area riservata | Veeco S.r.l.","isPartOf":{"@id":"https:\/\/veeco.it\/#website"},"datePublished":"2019-09-26T07:06:06+00:00","dateModified":"2020-05-20T16:16:22+00:00","breadcrumb":{"@id":"https:\/\/veeco.it\/en\/area-riservata\/#breadcrumb"},"inLanguage":"it-IT","potentialAction":[{"@type":"ReadAction","target":["https:\/\/veeco.it\/en\/area-riservata\/"]}]},{"@type":"BreadcrumbList","@id":"https:\/\/veeco.it\/en\/area-riservata\/#breadcrumb","itemListElement":[{"@type":"ListItem","position":1,"name":"Home","item":"https:\/\/veeco.it\/"},{"@type":"ListItem","position":2,"name":"Area riservata"}]},{"@type":"WebSite","@id":"https:\/\/veeco.it\/#website","url":"https:\/\/veeco.it\/","name":"Veeco S.r.l.","description":"A phil-tech company","publisher":{"@id":"https:\/\/veeco.it\/#organization"},"potentialAction":[{"@type":"SearchAction","target":{"@type":"EntryPoint","urlTemplate":"https:\/\/veeco.it\/?s={search_term_string}"},"query-input":"required name=search_term_string"}],"inLanguage":"it-IT"},{"@type":"Organization","@id":"https:\/\/veeco.it\/#organization","name":"Veeco S.r.l.","url":"https:\/\/veeco.it\/","logo":{"@type":"ImageObject","inLanguage":"it-IT","@id":"https:\/\/veeco.it\/#\/schema\/logo\/image\/","url":"https:\/\/veeco.it\/wp-content\/uploads\/2020\/11\/logofinal.png","contentUrl":"https:\/\/veeco.it\/wp-content\/uploads\/2020\/11\/logofinal.png","width":932,"height":430,"caption":"Veeco S.r.l."},"image":{"@id":"https:\/\/veeco.it\/#\/schema\/logo\/image\/"},"sameAs":["https:\/\/www.linkedin.com\/company\/veeco","https:\/\/www.youtube.com\/channel\/UCSSe5IRxT0Sz2hmhafkdqaQ\/featured"]}]}},"_links":{"self":[{"href":"https:\/\/veeco.it\/en\/wp-json\/wp\/v2\/pages\/2284\/"}],"collection":[{"href":"https:\/\/veeco.it\/en\/wp-json\/wp\/v2\/pages\/"}],"about":[{"href":"https:\/\/veeco.it\/en\/wp-json\/wp\/v2\/types\/page\/"}],"author":[{"embeddable":true,"href":"https:\/\/veeco.it\/en\/wp-json\/wp\/v2\/users\/2\/"}],"replies":[{"embeddable":true,"href":"https:\/\/veeco.it\/en\/wp-json\/wp\/v2\/comments\/?post=2284"}],"version-history":[{"count":18,"href":"https:\/\/veeco.it\/en\/wp-json\/wp\/v2\/pages\/2284\/revisions\/"}],"predecessor-version":[{"id":2505,"href":"https:\/\/veeco.it\/en\/wp-json\/wp\/v2\/pages\/2284\/revisions\/2505\/"}],"wp:attachment":[{"href":"https:\/\/veeco.it\/en\/wp-json\/wp\/v2\/media\/?parent=2284"}],"curies":[{"name":"wp","href":"https:\/\/api.w.org\/{rel}","templated":true}]}}